{"id":1290,"date":"2024-05-28T23:41:31","date_gmt":"2024-05-28T23:41:31","guid":{"rendered":"https:\/\/haabmexico.com\/terminos-y-condiciones\/"},"modified":"2026-04-23T09:11:22","modified_gmt":"2026-04-23T09:11:22","slug":"terminos-y-condiciones","status":"publish","type":"page","link":"https:\/\/haabmexico.com\/en\/terminos-y-condiciones\/","title":{"rendered":"Terms and Conditions"},"content":{"rendered":"<h1>Terms and Conditions<\/h1>\n<p>Estos T\u00e9rminos gobiernan su acceso a, y el uso de todo el contenido, Producto y Servicios disponibles en el sitio web <a href=\"https:\/\/haabmexico.com\/en\/\" target=\"_blank\">https:\/\/haabmexico.com<\/a> (el &#8221;Servicio&#8221;) operado por Haab M\u00e9xico | Trofeos y artesan\u00edas (&#8221;nosotros&#8221;, &#8221;nos&#8221; o &#8221;nuestro&#8221;).<\/p>\n<p>Su acceso a nuestros servicios est\u00e1 sujeto a su aceptaci\u00f3n, sin modificaci\u00f3n, de todos los t\u00e9rminos y condiciones contenidos en este documento y todas las dem\u00e1s reglas y pol\u00edticas operativas publicadas y que pueden ser publicadas por nosotros de vez en cuando.<\/p>\n<p>Por favor, lea el Acuerdo detenidamente antes de acceder o usar nuestros Servicios. Al acceder o usar cualquier parte de nuestros Servicios, usted acepta estar sujeto a estos T\u00e9rminos. Si no est\u00e1 de acuerdo con alguna parte de los t\u00e9rminos del Acuerdo, entonces no puede acceder o usar nuestros Servicios.<\/p>\n<h2>Propiedad Intelectual<\/h2>\n<p>El Acuerdo no transfiere de Nosotros a usted ninguna de Nuestra propiedad intelectual o la de terceros, y todos los derechos, t\u00edtulos e intereses sobre dicha propiedad permanecer\u00e1n (entre las partes) \u00fanicamente con Haab M\u00e9xico | Trofeos y artesan\u00edas y sus licenciantes.<\/p>\n<h3>Servicios de Terceros<\/h3>\n<p>Al usar los Servicios, puede utilizar servicios, productos, software, integraciones o aplicaciones de terceros (&#8221;Servicios de Terceros&#8221;).<\/p>\n<p>Si utiliza cualquier Servicio de Terceros, entiende que:<\/p>\n<ul>\n<li>Cualquier uso de un Servicio de Terceros es bajo su propio riesgo, y no seremos responsables ni obligados ante nadie por sitios web o Servicios de Terceros.<\/li>\n<li>Usted reconoce y acepta que No seremos responsables ni obligados por ning\u00fan da\u00f1o o p\u00e9rdida causados o supuestamente causados por o en conexi\u00f3n con el uso de cualquier contenido, bienes o servicios disponibles en o a trav\u00e9s de dichos sitios web o servicios.<\/li>\n<\/ul>\n<h2>Cuentas<\/h2>\n<p>Cuando el uso de cualquier parte de nuestros Servicios requiera una cuenta, usted acepta proporcionarnos informaci\u00f3n completa y precisa al registrarse para una cuenta.<\/p>\n<p>Usted ser\u00e1 el \u00fanico responsable y obligado por cualquier actividad que ocurra bajo su cuenta. Es responsable de mantener actualizada la informaci\u00f3n de su cuenta y de mantener segura su contrase\u00f1a.<\/p>\n<p>Es responsable de mantener la seguridad de su cuenta que usa para acceder al Servicio. No debe compartir ni hacer un uso indebido de sus credenciales de acceso. Debe notificarnos inmediatamente sobre cualquier uso no autorizado de su cuenta o al tener conocimiento de cualquier otra violaci\u00f3n de seguridad.<\/p>\n<h2>Terminaci\u00f3n<\/h2>\n<p>Podemos terminar o suspender su acceso a la totalidad o cualquier parte de nuestros Servicios en cualquier momento, con o sin causa, con o sin aviso, con efecto inmediato.<\/p>\n<p>Si desea terminar el Acuerdo o su cuenta de Haab M\u00e9xico | Trofeos y artesan\u00edas, puede simplemente dejar de usar nuestros Servicios.<\/p>\n<p>Todas las disposiciones del Acuerdo que por su naturaleza deban sobrevivir a la terminaci\u00f3n, sobrevivir\u00e1n a la terminaci\u00f3n, incluyendo, sin limitaci\u00f3n, disposiciones de propiedad, exenciones de garant\u00eda, indemnizaci\u00f3n y limitaciones de responsabilidad.<\/p>\n<h2>Descargo de responsabilidad<\/h2>\n<p>Nuestros Servicios se proporcionan &#8221;TAL CUAL&#8221; y &#8221;SEG\u00daN DISPONIBILIDAD&#8221;. Haab M\u00e9xico | Trofeos y artesan\u00edas y sus proveedores y licenciantes renuncian a todas las garant\u00edas de cualquier tipo, expresas o impl\u00edcitas, incluyendo, sin limitaci\u00f3n, las garant\u00edas de comerciabilidad, adecuaci\u00f3n para un prop\u00f3sito particular y no infracci\u00f3n. Ni Haab M\u00e9xico | Trofeos y artesan\u00edas, ni sus proveedores y licenciantes, garantizan que nuestros Servicios estar\u00e1n libres de errores o que el acceso a ellos ser\u00e1 continuo o ininterrumpido. Usted entiende que descarga, o de otro modo obtiene contenido o servicios a trav\u00e9s de nuestros Servicios bajo su propia discreci\u00f3n y riesgo.<\/p>\n<h3>Jurisdicci\u00f3n y Ley Aplicable<\/h3>\n<p>Excepto en la medida en que cualquier ley aplicable disponga lo contrario, el Acuerdo y cualquier acceso o uso de nuestros Servicios se regir\u00e1 por las leyes de M\u00e9xico.<\/p>\n<p>El lugar adecuado para cualquier disputa que surja de o est\u00e9 relacionada con el Acuerdo y cualquier acceso o uso de nuestros Servicios ser\u00e1n los tribunales estatales y federales ubicados en M\u00e9xico.<\/p>\n<h2>Cambios<\/h2>\n<p>Haab M\u00e9xico | Trofeos y artesan\u00edas se reserva el derecho, a nuestra sola discreci\u00f3n, de modificar o reemplazar estos T\u00e9rminos en cualquier momento.<\/p>\n<p>Si realizamos cambios que son materiales, le informaremos publicando en nuestro sitio web, o envi\u00e1ndole un correo electr\u00f3nico u otra comunicaci\u00f3n antes de que los cambios entren en vigor. El aviso designar\u00e1 un per\u00edodo de tiempo razonable despu\u00e9s del cual los nuevos t\u00e9rminos entrar\u00e1n en vigor.<\/p>\n<p>Si no est\u00e1 de acuerdo con nuestros cambios, entonces debe dejar de usar nuestros Servicios dentro del per\u00edodo de aviso designado, o una vez que los cambios se hagan efectivos.<\/p>\n<p>Su uso continuo de nuestros Servicios estar\u00e1 sujeto a los nuevos t\u00e9rminos.<\/p>","protected":false},"excerpt":{"rendered":"<p>T\u00e9rminos y Condiciones Estos T\u00e9rminos gobiernan su acceso a, y el uso de todo el contenido, Producto y Servicios disponibles en el sitio web (el &#8221;Servicio&#8221;) operado por (&#8221;nosotros&#8221;, &#8221;nos&#8221; o &#8221;nuestro&#8221;). Su acceso a nuestros servicios est\u00e1 sujeto a su aceptaci\u00f3n, sin modificaci\u00f3n, de todos los t\u00e9rminos y condiciones contenidos en este documento y &hellip; <br \/><a href=\"https:\/\/haabmexico.com\/en\/terminos-y-condiciones\/\" class=\"more-link\">Continue reading <span class=\"screen-reader-text\">Terms and Conditions<\/span><\/a><\/p>","protected":false},"author":1,"featured_media":0,"parent":0,"menu_order":0,"comment_status":"closed","ping_status":"closed","template":"","meta":{"nf_dc_page":"","footnotes":""},"class_list":["post-1290","page","type-page","status-publish","hentry"],"_links":{"self":[{"href":"https:\/\/haabmexico.com\/en\/wp-json\/wp\/v2\/pages\/1290","targetHints":{"allow":["GET"]}}],"collection":[{"href":"https:\/\/haabmexico.com\/en\/wp-json\/wp\/v2\/pages"}],"about":[{"href":"https:\/\/haabmexico.com\/en\/wp-json\/wp\/v2\/types\/page"}],"author":[{"embeddable":true,"href":"https:\/\/haabmexico.com\/en\/wp-json\/wp\/v2\/users\/1"}],"replies":[{"embeddable":true,"href":"https:\/\/haabmexico.com\/en\/wp-json\/wp\/v2\/comments?post=1290"}],"version-history":[{"count":1,"href":"https:\/\/haabmexico.com\/en\/wp-json\/wp\/v2\/pages\/1290\/revisions"}],"predecessor-version":[{"id":1906,"href":"https:\/\/haabmexico.com\/en\/wp-json\/wp\/v2\/pages\/1290\/revisions\/1906"}],"wp:attachment":[{"href":"https:\/\/haabmexico.com\/en\/wp-json\/wp\/v2\/media?parent=1290"}],"curies":[{"name":"wp","href":"https:\/\/api.w.org\/{rel}","templated":true}]}}