{"id":1292,"date":"2024-05-28T23:41:42","date_gmt":"2024-05-28T23:41:42","guid":{"rendered":"https:\/\/haabmexico.com\/politica-de-privacidad\/"},"modified":"2026-04-23T09:11:21","modified_gmt":"2026-04-23T09:11:21","slug":"politica-de-privacidad","status":"publish","type":"page","link":"https:\/\/haabmexico.com\/en\/politica-de-privacidad\/","title":{"rendered":"Privacy policy"},"content":{"rendered":"<h1>Pol\u00edtica de Privacidad<\/h1>\n<p>Bienvenido a <a href=\"https:\/\/haabmexico.com\/en\/\" target=\"_blank\">https:\/\/haabmexico.com<\/a> (el &#8221;Sitio&#8221;). Entendemos que la privacidad en l\u00ednea es importante para los usuarios de nuestro Sitio, especialmente cuando realizan negocios. Esta declaraci\u00f3n rige nuestras pol\u00edticas de privacidad con respecto a aquellos usuarios del Sitio (&#8221;Visitantes&#8221;) que visitan sin realizar transacciones comerciales y Visitantes que se registran para realizar transacciones comerciales en el Sitio y utilizan los diversos servicios ofrecidos por Haab M\u00e9xico | Trofeos y artesan\u00edas (colectivamente, &#8221;Servicios&#8221;) (&#8221;Clientes Autorizados&#8221;).<\/p>\n<p>&#8221;Informaci\u00f3n de Identificaci\u00f3n Personal&#8221;<\/p>\n<p>se refiere a cualquier informaci\u00f3n que identifique o pueda usarse para identificar, contactar o localizar a la persona a la que pertenece dicha informaci\u00f3n, incluyendo, pero no limitado a, nombre, direcci\u00f3n, n\u00famero de tel\u00e9fono, n\u00famero de fax, direcci\u00f3n de correo electr\u00f3nico, perfiles financieros, n\u00famero de seguridad social e informaci\u00f3n de la tarjeta de cr\u00e9dito. La Informaci\u00f3n de Identificaci\u00f3n Personal no incluye informaci\u00f3n que se recopila de forma an\u00f3nima (es decir, sin identificaci\u00f3n del usuario individual) o informaci\u00f3n demogr\u00e1fica no conectada a un individuo identificado.<\/p>\n<p><strong>\u00bfQu\u00e9 Informaci\u00f3n de Identificaci\u00f3n Personal se recopila?<\/strong><\/p>\n<p>Podemos recopilar informaci\u00f3n b\u00e1sica del perfil de usuario de todos nuestros Visitantes. Recopilamos la siguiente informaci\u00f3n adicional de nuestros Clientes Autorizados: nombres, direcciones, n\u00fameros de tel\u00e9fono y direcciones de correo electr\u00f3nico de los Clientes Autorizados, la naturaleza y tama\u00f1o del negocio, y la naturaleza y tama\u00f1o del inventario de publicidad que el Cliente Autorizado pretende comprar o vender.<\/p>\n<p><strong>\u00bfQu\u00e9 organizaciones est\u00e1n recopilando la informaci\u00f3n?<\/strong><\/p>\n<p>Adem\u00e1s de nuestra recopilaci\u00f3n directa de informaci\u00f3n, nuestros proveedores de servicios de terceros (como compa\u00f1\u00edas de tarjetas de cr\u00e9dito, c\u00e1maras de compensaci\u00f3n y bancos) que pueden proporcionar servicios como cr\u00e9dito, seguros y servicios de dep\u00f3sito en garant\u00eda pueden recopilar esta informaci\u00f3n de nuestros Visitantes y Clientes Autorizados. No controlamos c\u00f3mo estos terceros usan dicha informaci\u00f3n, pero les pedimos que divulguen c\u00f3mo usan la informaci\u00f3n personal que se les proporciona de Visitantes y Clientes Autorizados. Algunos de estos terceros pueden ser intermediarios que act\u00faan \u00fanicamente como enlaces en la cadena de distribuci\u00f3n, y no almacenan, retienen o usan la informaci\u00f3n que se les da.<\/p>\n<p><strong>\u00bfC\u00f3mo utiliza el Sitio la Informaci\u00f3n de Identificaci\u00f3n Personal?<\/strong><\/p>\n<p>Utilizamos la Informaci\u00f3n de Identificaci\u00f3n Personal para personalizar el Sitio, hacer ofertas de servicios adecuadas y cumplir con las solicitudes de compra y venta en el Sitio. Podemos enviar correos electr\u00f3nicos a Visitantes y Clientes Autorizados sobre oportunidades de investigaci\u00f3n o compra y venta en el Sitio o informaci\u00f3n relacionada con el tema del Sitio. Tambi\u00e9n podemos utilizar la Informaci\u00f3n de Identificaci\u00f3n Personal para contactar a Visitantes y Clientes Autorizados en respuesta a consultas espec\u00edficas o para proporcionar informaci\u00f3n solicitada.<\/p>\n<p><strong>\u00bfCon qui\u00e9n se puede compartir la informaci\u00f3n?<\/strong><\/p>\n<p>La Informaci\u00f3n de Identificaci\u00f3n Personal sobre los Clientes Autorizados puede compartirse con otros Clientes Autorizados que deseen evaluar posibles transacciones con otros Clientes Autorizados. Podemos compartir informaci\u00f3n agregada sobre nuestros Visitantes, incluyendo la demograf\u00eda de nuestros Visitantes y Clientes Autorizados, con nuestras agencias afiliadas y proveedores de terceros. Tambi\u00e9n ofrecemos la oportunidad de &#8221;optar por no recibir&#8221; informaci\u00f3n o ser contactados por nosotros o por cualquier agencia que act\u00fae en nuestro nombre.<\/p>\n<p><strong>\u00bfC\u00f3mo se almacena la Informaci\u00f3n de Identificaci\u00f3n Personal?<\/strong><\/p>\n<p>La Informaci\u00f3n de Identificaci\u00f3n Personal recopilada por Haab M\u00e9xico | Trofeos y artesan\u00edas se almacena de manera segura y no es accesible a terceros ni a empleados de Haab M\u00e9xico | Trofeos y artesan\u00edas excepto para el uso indicado anteriormente.<\/p>\n<p><strong>\u00bfQu\u00e9 opciones est\u00e1n disponibles para los Visitantes con respecto a la recopilaci\u00f3n, el uso y la distribuci\u00f3n de la informaci\u00f3n?<\/strong><\/p>\n<p>Visitantes y Clientes Autorizados pueden optar por no recibir informaci\u00f3n no solicitada o ser contactados por nosotros y\/o nuestros proveedores y agencias afiliadas respondiendo a correos electr\u00f3nicos seg\u00fan se indique, o contact\u00e1ndonos en San Antonio de Ayala SN, San Antonio de Ayala, 36610 Irapuato, Gto..<\/p>\n<p><strong>\u00bfSe utilizan Cookies en el Sitio?<\/strong><\/p>\n<p>Las cookies se utilizan por una variedad de razones. Utilizamos Cookies para obtener informaci\u00f3n sobre las preferencias de nuestros Visitantes y los servicios que seleccionan. Tambi\u00e9n utilizamos Cookies para fines de seguridad para proteger a nuestros Clientes Autorizados. Por ejemplo, si un Cliente Autorizado est\u00e1 conectado y el sitio no se utiliza durante m\u00e1s de 10 minutos, desconectaremos autom\u00e1ticamente al Cliente Autorizado.<\/p>\n<p><strong>\u00bfC\u00f3mo utiliza Haab M\u00e9xico | Trofeos y artesan\u00edas la informaci\u00f3n de inicio de sesi\u00f3n?<\/strong><\/p>\n<p>Haab M\u00e9xico | Trofeos y artesan\u00edas utiliza la informaci\u00f3n de inicio de sesi\u00f3n, incluyendo, pero no limitado a, direcciones IP, ISPs y tipos de navegador, para analizar tendencias, administrar el Sitio, rastrear el movimiento y uso de un usuario y recopilar informaci\u00f3n demogr\u00e1fica amplia.<\/p>\n<p><strong>\u00bfQu\u00e9 socios o proveedores de servicios tienen acceso a la Informaci\u00f3n de Identificaci\u00f3n Personal de los Visitantes y\/o Clientes Autorizados en el Sitio?<\/strong><\/p>\n<p>Haab M\u00e9xico | Trofeos y artesan\u00edas ha establecido y seguir\u00e1 estableciendo asociaciones y otras afiliaciones con una serie de proveedores. Estos proveedores pueden tener acceso a cierta Informaci\u00f3n de Identificaci\u00f3n Personal seg\u00fan sea necesario para evaluar la elegibilidad de los Clientes Autorizados para el servicio. Nuestra pol\u00edtica de privacidad no cubre su recopilaci\u00f3n o uso de esta informaci\u00f3n. Divulgaci\u00f3n de Informaci\u00f3n de Identificaci\u00f3n Personal para cumplir con la ley. Divulgaremos Informaci\u00f3n de Identificaci\u00f3n Personal para cumplir con una orden judicial o citaci\u00f3n o una solicitud de una agencia de aplicaci\u00f3n de la ley para divulgar informaci\u00f3n. Tambi\u00e9n divulgaremos Informaci\u00f3n de Identificaci\u00f3n Personal cuando sea razonablemente necesario para proteger la seguridad de nuestros Visitantes y Clientes Autorizados.<\/p>\n<p><strong>\u00bfC\u00f3mo mantiene el Sitio segura la Informaci\u00f3n de Identificaci\u00f3n Personal?<\/strong><\/p>\n<p>Todos nuestros empleados est\u00e1n familiarizados con nuestra pol\u00edtica y pr\u00e1cticas de seguridad. La Informaci\u00f3n de Identificaci\u00f3n Personal de nuestros Visitantes y Clientes Autorizados solo es accesible a un n\u00famero limitado de empleados calificados que tienen una contrase\u00f1a para acceder a la informaci\u00f3n. Auditamos nuestros sistemas y procesos de seguridad de manera regular. La informaci\u00f3n sensible, como los n\u00fameros de tarjetas de cr\u00e9dito o los n\u00fameros de seguridad social, est\u00e1 protegida por protocolos de encriptaci\u00f3n, establecidos para proteger la informaci\u00f3n enviada por Internet. Si bien tomamos medidas comercialmente razonables para mantener un sitio seguro, las comunicaciones electr\u00f3nicas y las bases de datos est\u00e1n sujetas a errores, manipulaciones e intrusiones, y no podemos garantizar ni asegurar que tales eventos no ocurrir\u00e1n y no seremos responsables ante Visitantes o Clientes Autorizados por tales ocurrencias.<\/p>\n<p><strong>\u00bfC\u00f3mo pueden los Visitantes corregir cualquier inexactitud en la Informaci\u00f3n de Identificaci\u00f3n Personal?<\/strong><\/p>\n<p>Visitantes y Clientes Autorizados pueden contactarnos para actualizar Informaci\u00f3n de Identificaci\u00f3n Personal sobre ellos o para corregir cualquier inexactitud envi\u00e1ndonos un correo electr\u00f3nico a ventas@haabmexico.com.<\/p>\n<p><strong>\u00bfPuede un Visitante eliminar o desactivar Informaci\u00f3n de Identificaci\u00f3n Personal recopilada por el Sitio?<\/strong><\/p>\n<p>Proporcionamos a los Visitantes y Clientes Autorizados un mecanismo para eliminar\/desactivar Informaci\u00f3n de Identificaci\u00f3n Personal de la base de datos del Sitio contact\u00e1ndonos. Sin embargo, debido a las copias de seguridad y registros de eliminaciones, puede ser imposible eliminar una entrada de Visitante sin retener alguna informaci\u00f3n residual. Una persona que solicita que su Informaci\u00f3n de Identificaci\u00f3n Personal sea desactivada tendr\u00e1 esta informaci\u00f3n eliminada funcionalmente, y no venderemos, transferiremos ni utilizaremos Informaci\u00f3n de Identificaci\u00f3n Personal relacionada con esa persona de ninguna manera en el futuro.<\/p>\n<p><strong>\u00bfQu\u00e9 sucede si la Pol\u00edtica de Privacidad cambia?<\/strong><\/p>\n<p>Informaremos a nuestros Visitantes y Clientes Autorizados sobre cambios a nuestra pol\u00edtica de privacidad publicando dichos cambios en el Sitio. Sin embargo, si estamos cambiando nuestra pol\u00edtica de privacidad de una manera que podr\u00eda causar la divulgaci\u00f3n de Informaci\u00f3n de Identificaci\u00f3n Personal que un Visitante o Cliente Autorizado ha solicitado previamente que no se divulgue, contactaremos a dicho Visitante o Cliente Autorizado para permitirle evitar dicha divulgaci\u00f3n.<\/p>\n<p><strong>Enlaces:<\/strong><\/p>\n<p><a href=\"https:\/\/haabmexico.com\/en\/\" target=\"_blank\">https:\/\/haabmexico.com<\/a> contiene enlaces a otros sitios web. Tenga en cuenta que cuando hace clic en uno de estos enlaces, se est\u00e1 trasladando a otro sitio web. Le animamos a leer las declaraciones de privacidad de estos sitios vinculados, ya que sus pol\u00edticas de privacidad pueden diferir de las nuestras.<\/p>","protected":false},"excerpt":{"rendered":"<p>Pol\u00edtica de Privacidad Bienvenido a (el &#8221;Sitio&#8221;). Entendemos que la privacidad en l\u00ednea es importante para los usuarios de nuestro Sitio, especialmente cuando realizan negocios. Esta declaraci\u00f3n rige nuestras pol\u00edticas de privacidad con respecto a aquellos usuarios del Sitio (&#8221;Visitantes&#8221;) que visitan sin realizar transacciones comerciales y Visitantes que se registran para realizar transacciones comerciales &hellip; <br \/><a href=\"https:\/\/haabmexico.com\/en\/politica-de-privacidad\/\" class=\"more-link\">Continue reading <span class=\"screen-reader-text\">Privacy policy<\/span><\/a><\/p>","protected":false},"author":1,"featured_media":0,"parent":0,"menu_order":0,"comment_status":"closed","ping_status":"closed","template":"","meta":{"nf_dc_page":"","footnotes":""},"class_list":["post-1292","page","type-page","status-publish","hentry"],"_links":{"self":[{"href":"https:\/\/haabmexico.com\/en\/wp-json\/wp\/v2\/pages\/1292","targetHints":{"allow":["GET"]}}],"collection":[{"href":"https:\/\/haabmexico.com\/en\/wp-json\/wp\/v2\/pages"}],"about":[{"href":"https:\/\/haabmexico.com\/en\/wp-json\/wp\/v2\/types\/page"}],"author":[{"embeddable":true,"href":"https:\/\/haabmexico.com\/en\/wp-json\/wp\/v2\/users\/1"}],"replies":[{"embeddable":true,"href":"https:\/\/haabmexico.com\/en\/wp-json\/wp\/v2\/comments?post=1292"}],"version-history":[{"count":1,"href":"https:\/\/haabmexico.com\/en\/wp-json\/wp\/v2\/pages\/1292\/revisions"}],"predecessor-version":[{"id":1905,"href":"https:\/\/haabmexico.com\/en\/wp-json\/wp\/v2\/pages\/1292\/revisions\/1905"}],"wp:attachment":[{"href":"https:\/\/haabmexico.com\/en\/wp-json\/wp\/v2\/media?parent=1292"}],"curies":[{"name":"wp","href":"https:\/\/api.w.org\/{rel}","templated":true}]}}