{"id":1329,"date":"2024-05-29T20:10:27","date_gmt":"2024-05-29T20:10:27","guid":{"rendered":"https:\/\/haabmexico.com\/?page_id=1329"},"modified":"2024-05-29T20:23:03","modified_gmt":"2024-05-29T20:23:03","slug":"preguntas-frecuentes","status":"publish","type":"page","link":"https:\/\/haabmexico.com\/en\/preguntas-frecuentes\/","title":{"rendered":"Preguntas frecuentes"},"content":{"rendered":"<div class=\"wpb-content-wrapper\"><div class=\"vc_row wpb_row vc_row-fluid\"><div class=\"wpb_column vc_column_container vc_col-sm-12\"><div class=\"vc_column-inner\"><div class=\"wpb_wrapper\"><div class=\"vc_row wpb_row vc_inner vc_row-fluid\"><div class=\"wpb_column vc_column_container vc_col-sm-12\"><div class=\"vc_column-inner\"><div class=\"wpb_wrapper\"><h2 style=\"color: #383838;text-align: left\" class=\"vc_custom_heading vc_do_custom_heading\" >Preguntas frecuentes<\/h2><\/div><\/div><\/div><\/div><div class=\"vc_row wpb_row vc_inner vc_row-fluid\"><div class=\"wpb_column vc_column_container vc_col-sm-12\"><div class=\"vc_column-inner\"><div class=\"wpb_wrapper\"><div  class=\"vc_do_toggle vc_toggle vc_toggle_arrow vc_toggle_color_black  vc_toggle_size_md\"><div class=\"vc_toggle_title\"><h2 style=\"text-align: left\" class=\"vc_custom_heading vc_do_custom_heading\" >1. \u00bfQu\u00e9 tipos de artesan\u00edas y reconocimientos ofrecen en HAAB M\u00e9xico?<\/h2><i class=\"vc_toggle_icon\"><\/i><\/div><div class=\"vc_toggle_content\"><p>En HAAB M\u00e9xico ofrecemos una amplia variedad de artesan\u00edas y reconocimientos personalizados. Nuestras artesan\u00edas incluyen piezas tradicionales mexicanas como alebrijes, cer\u00e1mica, textiles bordados y joyer\u00eda hecha a mano. Adem\u00e1s, creamos reconocimientos personalizados para empresas y eventos especiales, como placas conmemorativas, trofeos, medallas y estatuillas, todo con un toque artesanal \u00fanico.<\/p>\n<\/div><\/div><div  class=\"vc_do_toggle vc_toggle vc_toggle_arrow vc_toggle_color_black  vc_toggle_size_md\"><div class=\"vc_toggle_title\"><h2 style=\"text-align: left\" class=\"vc_custom_heading vc_do_custom_heading\" >\u00bfC\u00f3mo puedo hacer un pedido personalizado?<\/h2><i class=\"vc_toggle_icon\"><\/i><\/div><div class=\"vc_toggle_content\"><p>Para realizar un pedido personalizado, puede contactarnos a trav\u00e9s de nuestro sitio web, correo electr\u00f3nico o tel\u00e9fono. Nuestro equipo le ayudar\u00e1 a dise\u00f1ar y seleccionar los materiales adecuados para su artesan\u00eda o reconocimiento. Tambi\u00e9n ofrecemos la opci\u00f3n de agregar logotipos, nombres y mensajes especiales seg\u00fan sus necesidades. Una vez aprobado el dise\u00f1o, procederemos con la elaboraci\u00f3n y le mantendremos informado sobre el progreso de su pedido.<\/p>\n<\/div><\/div><div  class=\"vc_do_toggle vc_toggle vc_toggle_arrow vc_toggle_color_black  vc_toggle_size_md\"><div class=\"vc_toggle_title\"><h2 style=\"text-align: left\" class=\"vc_custom_heading vc_do_custom_heading\" >3. \u00bfCu\u00e1l es el tiempo de entrega de los productos?<\/h2><i class=\"vc_toggle_icon\"><\/i><\/div><div class=\"vc_toggle_content\"><p>El tiempo de entrega var\u00eda seg\u00fan la complejidad y cantidad del pedido. Generalmente, los pedidos personalizados pueden tardar entre 2 a 4 semanas en completarse. Para pedidos m\u00e1s grandes o dise\u00f1os m\u00e1s elaborados, el tiempo de entrega puede extenderse. Nos esforzamos por cumplir con los plazos acordados y le notificaremos en caso de cualquier retraso.<\/p>\n<\/div><\/div><div  class=\"vc_do_toggle vc_toggle vc_toggle_arrow vc_toggle_color_black  vc_toggle_size_md\"><div class=\"vc_toggle_title\"><h2 style=\"text-align: left\" class=\"vc_custom_heading vc_do_custom_heading\" >4. \u00bfRealizan env\u00edos internacionales?<\/h2><i class=\"vc_toggle_icon\"><\/i><\/div><div class=\"vc_toggle_content\"><p>No, actualmente en HAAB M\u00e9xico no realizamos env\u00edos internacionales. Sin embargo, ofrecemos env\u00edos nacionales a cualquier parte de M\u00e9xico, asegur\u00e1ndonos de que sus productos lleguen en perfectas condiciones. Trabajamos con diversas empresas de mensajer\u00eda para garantizar una entrega segura y puntual.<\/p>\n<\/div><\/div><div  class=\"vc_do_toggle vc_toggle vc_toggle_arrow vc_toggle_color_black  vc_toggle_size_md\"><div class=\"vc_toggle_title\"><h2 style=\"text-align: left\" class=\"vc_custom_heading vc_do_custom_heading\" >5. \u00bfOfrecen descuentos para pedidos al por mayor o para empresas?<\/h2><i class=\"vc_toggle_icon\"><\/i><\/div><div class=\"vc_toggle_content\"><p>S\u00ed, ofrecemos descuentos especiales para pedidos al por mayor y para empresas. Si est\u00e1 interesado en realizar un pedido grande o en establecer una colaboraci\u00f3n comercial, le invitamos a ponerse en contacto con nuestro equipo de ventas. Estaremos encantados de discutir sus necesidades y ofrecerle una cotizaci\u00f3n personalizada con los mejores precios posibles.<\/p>\n<\/div><\/div><\/div><\/div><\/div><\/div><\/div><\/div><\/div><\/div>\n<\/div>","protected":false},"excerpt":{"rendered":"Preguntas frecuentes1. \u00bfQu\u00e9 tipos de artesan\u00edas y reconocimientos ofrecen en HAAB M\u00e9xico?En HAAB M\u00e9xico ofrecemos una amplia variedad de artesan\u00edas y reconocimientos personalizados. Nuestras artesan\u00edas incluyen piezas tradicionales mexicanas como alebrijes, cer\u00e1mica, textiles bordados y joyer\u00eda hecha a mano. Adem\u00e1s, creamos reconocimientos personalizados para empresas y eventos especiales, como placas conmemorativas, trofeos, medallas y estatuillas, &hellip; <br \/><a href=\"https:\/\/haabmexico.com\/en\/preguntas-frecuentes\/\" class=\"more-link\">Continue reading <span class=\"screen-reader-text\">Preguntas frecuentes<\/span><\/a>","protected":false},"author":1,"featured_media":0,"parent":0,"menu_order":0,"comment_status":"closed","ping_status":"closed","template":"","meta":{"nf_dc_page":"","footnotes":""},"class_list":["post-1329","page","type-page","status-publish","hentry"],"_links":{"self":[{"href":"https:\/\/haabmexico.com\/en\/wp-json\/wp\/v2\/pages\/1329","targetHints":{"allow":["GET"]}}],"collection":[{"href":"https:\/\/haabmexico.com\/en\/wp-json\/wp\/v2\/pages"}],"about":[{"href":"https:\/\/haabmexico.com\/en\/wp-json\/wp\/v2\/types\/page"}],"author":[{"embeddable":true,"href":"https:\/\/haabmexico.com\/en\/wp-json\/wp\/v2\/users\/1"}],"replies":[{"embeddable":true,"href":"https:\/\/haabmexico.com\/en\/wp-json\/wp\/v2\/comments?post=1329"}],"version-history":[{"count":4,"href":"https:\/\/haabmexico.com\/en\/wp-json\/wp\/v2\/pages\/1329\/revisions"}],"predecessor-version":[{"id":1332,"href":"https:\/\/haabmexico.com\/en\/wp-json\/wp\/v2\/pages\/1329\/revisions\/1332"}],"wp:attachment":[{"href":"https:\/\/haabmexico.com\/en\/wp-json\/wp\/v2\/media?parent=1329"}],"curies":[{"name":"wp","href":"https:\/\/api.w.org\/{rel}","templated":true}]}}