{"id":32,"date":"2018-05-24T14:42:49","date_gmt":"2018-05-24T14:42:49","guid":{"rendered":"http:\/\/demoapus-wp.com\/famita\/famita-fashion\/?page_id=32"},"modified":"2024-07-08T20:52:50","modified_gmt":"2024-07-08T20:52:50","slug":"nosotros","status":"publish","type":"page","link":"https:\/\/haabmexico.com\/en\/nosotros\/","title":{"rendered":"About us"},"content":{"rendered":"<div class=\"wpb-content-wrapper\"><div class=\"vc_row wpb_row vc_row-fluid\"><div class=\"wpb_column vc_column_container vc_col-sm-12\"><div class=\"vc_column-inner\"><div class=\"wpb_wrapper\"><div class=\"vc_empty_space  hidden-sm hidden-xs\"   style=\"height: 100px\"><span class=\"vc_empty_space_inner\"><\/span><\/div><\/div><\/div><\/div><\/div><div class=\"vc_row wpb_row vc_row-fluid\"><div class=\"wpb_column vc_column_container vc_col-sm-12\"><div class=\"vc_column-inner\"><div class=\"wpb_wrapper\"><h2 style=\"font-size: 45px;color: #0c0c0c;text-align: left\" class=\"vc_custom_heading vc_do_custom_heading wpb_animate_when_almost_visible wpb_fadeInDown fadeInDown\" >About Us<\/h2>\n\t<div class=\"wpb_text_column wpb_content_element wpb_animate_when_almost_visible wpb_fadeInDown fadeInDown vc_custom_1717699265976\" >\n\t\t<div class=\"wpb_wrapper\">\n\t\t\t<p>At Haab M\u00e9xico, we are a team of passionate designers and solvers. We stand out for our philosophy focused on simplifying the creative process, recognizing the value of collaborative work to achieve optimal results. We are inspired by the challenge of continuous growth and driven by enthusiasm for what we create.<\/p>\n\n\t\t<\/div>\n\t<\/div>\n<div class=\"vc_empty_space  hidden-sm hidden-xs\"   style=\"height: 100px\"><span class=\"vc_empty_space_inner\"><\/span><\/div><\/div><\/div><\/div><\/div><div class=\"vc_row wpb_row vc_row-fluid\"><div class=\"wpb_column vc_column_container vc_col-sm-6\"><div class=\"vc_column-inner\"><div class=\"wpb_wrapper\"><div class=\"vc_row wpb_row vc_inner vc_row-fluid\"><div class=\"wpb_column vc_column_container vc_col-sm-12\"><div class=\"vc_column-inner\"><div class=\"wpb_wrapper\"><\/div><\/div><\/div><\/div>\n\t<div  class=\"wpb_single_image wpb_content_element vc_align_left wpb_content_element wpb_animate_when_almost_visible wpb_flipInX flipInX vc_custom_1717699104974\">\n\t\t\n\t\t<figure class=\"wpb_wrapper vc_figure\">\n\t\t\t<div class=\"vc_single_image-wrapper   vc_box_border_grey\"><img loading=\"lazy\" decoding=\"async\" width=\"503\" height=\"603\" src=\"https:\/\/haabmexico.com\/wp-content\/uploads\/2024\/05\/2.png\" class=\"vc_single_image-img attachment-full\" alt=\"\" title=\"2\" srcset=\"https:\/\/haabmexico.com\/wp-content\/uploads\/2024\/05\/2.png 503w, https:\/\/haabmexico.com\/wp-content\/uploads\/2024\/05\/2-250x300.png 250w, https:\/\/haabmexico.com\/wp-content\/uploads\/2024\/05\/2-320x384.png 320w, https:\/\/haabmexico.com\/wp-content\/uploads\/2024\/05\/2-480x575.png 480w\" sizes=\"auto, (max-width: 503px) 100vw, 503px\" \/><\/div>\n\t\t<\/figure>\n\t<\/div>\n<div class=\"vc_empty_space\"   style=\"height: 20px\"><span class=\"vc_empty_space_inner\"><\/span><\/div><div class=\"vc_empty_space  hidden-sm hidden-xs\"   style=\"height: 20px\"><span class=\"vc_empty_space_inner\"><\/span><\/div><div style=\"font-size: 30px;color: #252525;text-align: left\" class=\"vc_custom_heading vc_do_custom_heading wpb_animate_when_almost_visible wpb_slideInLeft slideInLeft vc_custom_1717699044898\" >Who are we?<\/div>\n\t<div class=\"wpb_text_column wpb_content_element wpb_animate_when_almost_visible wpb_slideInLeft slideInLeft vc_custom_1717699025023\" >\n\t\t<div class=\"wpb_wrapper\">\n\t\t\t<p>We are a team of passionate designers and solvers. We stand out for our philosophy focused on simplifying the creative process, recognizing the value of collaborative work to achieve optimal results. We are inspired by the challenge of continuous growth and driven by enthusiasm for what we create.<\/p>\n\n\t\t<\/div>\n\t<\/div>\n<\/div><\/div><\/div><div class=\"wpb_column vc_column_container vc_col-sm-6\"><div class=\"vc_column-inner\"><div class=\"wpb_wrapper\"><div class=\"vc_empty_space  hidden-sm hidden-xs\"   style=\"height: 100px\"><span class=\"vc_empty_space_inner\"><\/span><\/div><div class=\"vc_empty_space  hidden-sm hidden-xs hidden-md\"   style=\"height: 50px\"><span class=\"vc_empty_space_inner\"><\/span><\/div>\n\t<div  class=\"wpb_single_image wpb_content_element vc_align_left wpb_content_element wpb_animate_when_almost_visible wpb_flipInX flipInX vc_custom_1717699077040\">\n\t\t\n\t\t<figure class=\"wpb_wrapper vc_figure\">\n\t\t\t<div class=\"vc_single_image-wrapper   vc_box_border_grey\"><img loading=\"lazy\" decoding=\"async\" width=\"503\" height=\"603\" src=\"https:\/\/haabmexico.com\/wp-content\/uploads\/2024\/05\/1.png\" class=\"vc_single_image-img attachment-full\" alt=\"\" title=\"1\" srcset=\"https:\/\/haabmexico.com\/wp-content\/uploads\/2024\/05\/1.png 503w, https:\/\/haabmexico.com\/wp-content\/uploads\/2024\/05\/1-250x300.png 250w, https:\/\/haabmexico.com\/wp-content\/uploads\/2024\/05\/1-320x384.png 320w, https:\/\/haabmexico.com\/wp-content\/uploads\/2024\/05\/1-480x575.png 480w\" sizes=\"auto, (max-width: 503px) 100vw, 503px\" \/><\/div>\n\t\t<\/figure>\n\t<\/div>\n<div class=\"vc_empty_space\"   style=\"height: 20px\"><span class=\"vc_empty_space_inner\"><\/span><\/div><div class=\"vc_empty_space  hidden-sm hidden-xs\"   style=\"height: 20px\"><span class=\"vc_empty_space_inner\"><\/span><\/div><div style=\"font-size: 30px;color: #252525;text-align: left\" class=\"vc_custom_heading vc_do_custom_heading wpb_animate_when_almost_visible wpb_slideInRight slideInRight vc_custom_1717699058699\" >Art with Love and Respect<\/div>\n\t<div class=\"wpb_text_column wpb_content_element wpb_animate_when_almost_visible wpb_slideInRight slideInRight vc_custom_1717699068588\" >\n\t\t<div class=\"wpb_wrapper\">\n\t\t\t<p>We are a group of people that is defined by what we do, our love for the pieces of art we make, respect for others and the environment makes our company a place where harmony and sensitivity can be breathed.<\/p>\n\n\t\t<\/div>\n\t<\/div>\n<div class=\"vc_empty_space  hidden-sm hidden-xs\"   style=\"height: 30px\"><span class=\"vc_empty_space_inner\"><\/span><\/div><\/div><\/div><\/div><\/div><div data-vc-full-width=\"true\" data-vc-full-width-init=\"false\" class=\"vc_row wpb_row vc_row-fluid vc_custom_1717697830199 vc_row-has-fill\"><div class=\"wpb_column vc_column_container vc_col-sm-6\"><div class=\"vc_column-inner\"><div class=\"wpb_wrapper\"><div class=\"vc_empty_space  hidden-sm hidden-xs\"   style=\"height: 100px\"><span class=\"vc_empty_space_inner\"><\/span><\/div><div class=\"vc_empty_space  hidden-sm hidden-xs\"   style=\"height: 100px\"><span class=\"vc_empty_space_inner\"><\/span><\/div><div class=\"vc_empty_space  hidden-sm hidden-xs hidden-md\"   style=\"height: 50px\"><span class=\"vc_empty_space_inner\"><\/span><\/div>\n\t<div  class=\"wpb_single_image wpb_content_element vc_align_left wpb_content_element wpb_animate_when_almost_visible wpb_flipInX flipInX vc_custom_1717698946942\">\n\t\t\n\t\t<figure class=\"wpb_wrapper vc_figure\">\n\t\t\t<div class=\"vc_single_image-wrapper   vc_box_border_grey\"><img loading=\"lazy\" decoding=\"async\" width=\"503\" height=\"603\" src=\"https:\/\/haabmexico.com\/wp-content\/uploads\/2024\/06\/1-1.png\" class=\"vc_single_image-img attachment-full\" alt=\"\" title=\"1\" srcset=\"https:\/\/haabmexico.com\/wp-content\/uploads\/2024\/06\/1-1.png 503w, https:\/\/haabmexico.com\/wp-content\/uploads\/2024\/06\/1-1-250x300.png 250w, https:\/\/haabmexico.com\/wp-content\/uploads\/2024\/06\/1-1-320x384.png 320w, https:\/\/haabmexico.com\/wp-content\/uploads\/2024\/06\/1-1-480x575.png 480w\" sizes=\"auto, (max-width: 503px) 100vw, 503px\" \/><\/div>\n\t\t<\/figure>\n\t<\/div>\n<div class=\"vc_empty_space\"   style=\"height: 20px\"><span class=\"vc_empty_space_inner\"><\/span><\/div><div class=\"vc_empty_space  hidden-sm hidden-xs\"   style=\"height: 20px\"><span class=\"vc_empty_space_inner\"><\/span><\/div><div style=\"font-size: 30px;color: #ffffff;text-align: left\" class=\"vc_custom_heading vc_do_custom_heading wpb_animate_when_almost_visible wpb_slideInLeft slideInLeft vc_custom_1717699011693\" >Team United for Creativity<\/div>\n\t<div class=\"wpb_text_column wpb_content_element wpb_animate_when_almost_visible wpb_slideInLeft slideInLeft vc_custom_1717698992028\" >\n\t\t<div class=\"wpb_wrapper\">\n\t\t\t<p><span style=\"color: #ffffff;\">At HaabMexico, we are much more than a team of creators and designers. We are characterized by our dedication to the art we create, as well as the respect we show towards our clients, colleagues and the natural environment that surrounds us. Our philosophy is based on collaborative work, recognizing that true magic arises when we unite our skills and talents. At our company, each project is an expression of our shared passion and our commitment to excellence.<\/span><\/p>\n\n\t\t<\/div>\n\t<\/div>\n<div class=\"vc_empty_space  hidden-sm hidden-xs\"   style=\"height: 30px\"><span class=\"vc_empty_space_inner\"><\/span><\/div><\/div><\/div><\/div><div class=\"wpb_column vc_column_container vc_col-sm-6\"><div class=\"vc_column-inner\"><div class=\"wpb_wrapper\"><div class=\"vc_empty_space  hidden-sm hidden-xs\"   style=\"height: 100px\"><span class=\"vc_empty_space_inner\"><\/span><\/div>\n\t<div  class=\"wpb_single_image wpb_content_element vc_align_left wpb_content_element wpb_animate_when_almost_visible wpb_flipInX flipInX vc_custom_1717698936771\">\n\t\t\n\t\t<figure class=\"wpb_wrapper vc_figure\">\n\t\t\t<div class=\"vc_single_image-wrapper   vc_box_border_grey\"><img loading=\"lazy\" decoding=\"async\" width=\"503\" height=\"603\" src=\"https:\/\/haabmexico.com\/wp-content\/uploads\/2024\/06\/2-1.png\" class=\"vc_single_image-img attachment-full\" alt=\"\" title=\"2\" srcset=\"https:\/\/haabmexico.com\/wp-content\/uploads\/2024\/06\/2-1.png 503w, https:\/\/haabmexico.com\/wp-content\/uploads\/2024\/06\/2-1-250x300.png 250w, https:\/\/haabmexico.com\/wp-content\/uploads\/2024\/06\/2-1-320x384.png 320w, https:\/\/haabmexico.com\/wp-content\/uploads\/2024\/06\/2-1-480x575.png 480w\" sizes=\"auto, (max-width: 503px) 100vw, 503px\" \/><\/div>\n\t\t<\/figure>\n\t<\/div>\n<div class=\"vc_empty_space\"   style=\"height: 20px\"><span class=\"vc_empty_space_inner\"><\/span><\/div><div class=\"vc_empty_space  hidden-sm hidden-xs\"   style=\"height: 20px\"><span class=\"vc_empty_space_inner\"><\/span><\/div><div style=\"font-size: 30px;color: #ffffff;text-align: left\" class=\"vc_custom_heading vc_do_custom_heading wpb_animate_when_almost_visible wpb_slideInRight slideInRight vc_custom_1717698972128\" >HaabMexico: Sensitivity and Innovation<\/div>\n\t<div class=\"wpb_text_column wpb_content_element wpb_animate_when_almost_visible wpb_slideInRight slideInRight vc_custom_1717698982412\" >\n\t\t<div class=\"wpb_wrapper\">\n\t\t\t<p><span style=\"color: #ffffff;\">We are proud to create a space where harmony and sensitivity are palpable in every interaction and in every piece we produce. We value the importance of caring for the environment and fostering respectful and collaborative relationships. At HaabMexico, we strive to maintain a balance between creativity, social responsibility and commitment to quality, thus creating an environment where inspiration and innovation flourish. and Innovation<\/span><\/p>\n\n\t\t<\/div>\n\t<\/div>\n<\/div><\/div><\/div><\/div><div class=\"vc_row-full-width vc_clearfix\"><\/div>\n<\/div>","protected":false},"excerpt":{"rendered":"Sobre nosotros En Haab M\u00e9xico, somos un equipo de dise\u00f1adores y solucionadores apasionados. Nos destacamos por nuestra filosof\u00eda centrada en la simplificaci\u00f3n del proceso creativo, reconociendo el valor del trabajo colaborativo para alcanzar resultados \u00f3ptimos. Nos inspira el desaf\u00edo de crecer continuamente y nos impulsa el entusiasmo por lo que creamos. \u00bfQui\u00e9nes somos? Somos un &hellip; <br \/><a href=\"https:\/\/haabmexico.com\/en\/nosotros\/\" class=\"more-link\">Continue reading <span class=\"screen-reader-text\">About us<\/span><\/a>","protected":false},"author":1,"featured_media":0,"parent":0,"menu_order":0,"comment_status":"closed","ping_status":"closed","template":"","meta":{"nf_dc_page":"","footnotes":""},"class_list":["post-32","page","type-page","status-publish","hentry"],"_links":{"self":[{"href":"https:\/\/haabmexico.com\/en\/wp-json\/wp\/v2\/pages\/32","targetHints":{"allow":["GET"]}}],"collection":[{"href":"https:\/\/haabmexico.com\/en\/wp-json\/wp\/v2\/pages"}],"about":[{"href":"https:\/\/haabmexico.com\/en\/wp-json\/wp\/v2\/types\/page"}],"author":[{"embeddable":true,"href":"https:\/\/haabmexico.com\/en\/wp-json\/wp\/v2\/users\/1"}],"replies":[{"embeddable":true,"href":"https:\/\/haabmexico.com\/en\/wp-json\/wp\/v2\/comments?post=32"}],"version-history":[{"count":5,"href":"https:\/\/haabmexico.com\/en\/wp-json\/wp\/v2\/pages\/32\/revisions"}],"predecessor-version":[{"id":1444,"href":"https:\/\/haabmexico.com\/en\/wp-json\/wp\/v2\/pages\/32\/revisions\/1444"}],"wp:attachment":[{"href":"https:\/\/haabmexico.com\/en\/wp-json\/wp\/v2\/media?parent=32"}],"curies":[{"name":"wp","href":"https:\/\/api.w.org\/{rel}","templated":true}]}}