{"id":34,"date":"2018-05-24T14:42:59","date_gmt":"2018-05-24T14:42:59","guid":{"rendered":"http:\/\/demoapus-wp.com\/famita\/famita-fashion\/?page_id=34"},"modified":"2024-08-15T23:18:47","modified_gmt":"2024-08-15T23:18:47","slug":"contact","status":"publish","type":"page","link":"https:\/\/haabmexico.com\/en\/contact\/","title":{"rendered":"Contact"},"content":{"rendered":"<div class=\"wpb-content-wrapper\"><div class=\"vc_row wpb_row vc_row-fluid\"><div class=\"wpb_column vc_column_container vc_col-sm-12\"><div class=\"vc_column-inner\"><div class=\"wpb_wrapper\"><div class=\"vc_empty_space  hidden-sm hidden-xs\"   style=\"height: 40px\"><span class=\"vc_empty_space_inner\"><\/span><\/div><div class=\"wpb_gmaps_widget wpb_content_element\"><div class=\"wpb_wrapper\"><div class=\"wpb_map_wraper\"><iframe src=\"https:\/\/www.google.com\/maps\/embed?pb=!1m18!1m12!1m3!1d3732.1615913113133!2d-101.3742829891339!3d20.70366179878532!2m3!1f0!2f0!3f0!3m2!1i1024!2i768!4f13.1!3m3!1m2!1s0x842c7f8de26c4eab%3A0x381686a02699d97e!2sHAAB%20Mexico!5e0!3m2!1ses-419!2smx!4v1723763278045!5m2!1ses-419!2smx\" width=\"600\" height=\"450\" style=\"border:0;\" allowfullscreen=\"\" loading=\"lazy\" referrerpolicy=\"no-referrer-when-downgrade\"><\/iframe><\/div><\/div><\/div><\/div><\/div><\/div><\/div><div class=\"vc_row wpb_row vc_row-fluid\"><div class=\"wpb_column vc_column_container vc_col-sm-12\"><div class=\"vc_column-inner\"><div class=\"wpb_wrapper\"><div class=\"vc_empty_space  hidden-sm hidden-xs\"   style=\"height: 30px\"><span class=\"vc_empty_space_inner\"><\/span><\/div><div class=\"vc_empty_space\"   style=\"height: 30px\"><span class=\"vc_empty_space_inner\"><\/span><\/div>\t<div class=\"widget-location\">\n\t\t<div class=\"row\">\n\t\t\t\t\t\t\t\t\t\t\t\t<div class=\"col-xs-6 col-sm-3\">\n\t\t\t\t\t\t<div class=\"location-inner\">\n\t\t\t\t\t\t\t<div class=\"fbox-icon\">\n\t\t\t\t\t\t\t\t\t\t\t\t\t\t\t\t\t\t<img decoding=\"async\" class=\"img\" src=\"https:\/\/haabmexico.com\/wp-content\/uploads\/2024\/08\/3.svg\" alt=\"Image\">\n\t\t\t\t\t\t\t    \t\t\t\t\t\t\t<\/div>\n\t\t\t\t\t\t    <div class=\"location-content\">  \n\t\t\t\t\t\t    \t\t\t\t\t\t\t            <h3 class=\"title\">Phone<\/h3>\n\t\t\t\t\t\t        \t\t\t\t\t\t         \t\t\t\t\t\t            <div class=\"description\">+52(462)624-5877<\/div>  \n\t\t\t\t\t\t        \t\t\t\t\t\t    <\/div> \n\t\t\t\t\t    <\/div>\n\t\t\t\t    <\/div>\n\t\t\t\t\t\t\t\t\t\t\t\t<div class=\"col-xs-6 col-sm-3\">\n\t\t\t\t\t\t<div class=\"location-inner\">\n\t\t\t\t\t\t\t<div class=\"fbox-icon\">\n\t\t\t\t\t\t\t\t\t\t\t\t\t\t\t\t\t\t<img decoding=\"async\" class=\"img\" src=\"https:\/\/haabmexico.com\/wp-content\/uploads\/2024\/08\/1.svg\" alt=\"Image\">\n\t\t\t\t\t\t\t    \t\t\t\t\t\t\t<\/div>\n\t\t\t\t\t\t    <div class=\"location-content\">  \n\t\t\t\t\t\t    \t\t\t\t\t\t\t            <h3 class=\"title\">Adress<\/h3>\n\t\t\t\t\t\t        \t\t\t\t\t\t         \t\t\t\t\t\t            <div class=\"description\">San Antonio de Ayala, 36610\nIrapuato, Gto.<\/div>  \n\t\t\t\t\t\t        \t\t\t\t\t\t    <\/div> \n\t\t\t\t\t    <\/div>\n\t\t\t\t    <\/div>\n\t\t\t\t\t\t\t\t\t\t\t\t<div class=\"col-xs-6 col-sm-3\">\n\t\t\t\t\t\t<div class=\"location-inner\">\n\t\t\t\t\t\t\t<div class=\"fbox-icon\">\n\t\t\t\t\t\t\t\t\t\t\t\t\t\t\t\t\t\t<img decoding=\"async\" class=\"img\" src=\"https:\/\/haabmexico.com\/wp-content\/uploads\/2024\/08\/4.svg\" alt=\"Image\">\n\t\t\t\t\t\t\t    \t\t\t\t\t\t\t<\/div>\n\t\t\t\t\t\t    <div class=\"location-content\">  \n\t\t\t\t\t\t    \t\t\t\t\t\t\t            <h3 class=\"title\">Working Hours<\/h3>\n\t\t\t\t\t\t        \t\t\t\t\t\t         \t\t\t\t\t\t            <div class=\"description\">08:00 am to 4:00 pm<\/div>  \n\t\t\t\t\t\t        \t\t\t\t\t\t    <\/div> \n\t\t\t\t\t    <\/div>\n\t\t\t\t    <\/div>\n\t\t\t\t\t\t\t\t\t\t\t\t<div class=\"col-xs-6 col-sm-3\">\n\t\t\t\t\t\t<div class=\"location-inner\">\n\t\t\t\t\t\t\t<div class=\"fbox-icon\">\n\t\t\t\t\t\t\t\t\t\t\t\t\t\t\t\t\t\t<img decoding=\"async\" class=\"img\" src=\"https:\/\/haabmexico.com\/wp-content\/uploads\/2024\/08\/2.svg\" alt=\"Image\">\n\t\t\t\t\t\t\t    \t\t\t\t\t\t\t<\/div>\n\t\t\t\t\t\t    <div class=\"location-content\">  \n\t\t\t\t\t\t    \t\t\t\t\t\t\t            <h3 class=\"title\">E-mail<\/h3>\n\t\t\t\t\t\t        \t\t\t\t\t\t         \t\t\t\t\t\t            <div class=\"description\">ventas@haabmexico.com<\/div>  \n\t\t\t\t\t\t        \t\t\t\t\t\t    <\/div> \n\t\t\t\t\t    <\/div>\n\t\t\t\t    <\/div>\n\t\t\t\t\t<\/div>\n\t<\/div>\n<div class=\"vc_empty_space\"   style=\"height: 30px\"><span class=\"vc_empty_space_inner\"><\/span><\/div><div class=\"vc_empty_space  hidden-sm hidden-xs\"   style=\"height: 30px\"><span class=\"vc_empty_space_inner\"><\/span><\/div><div class=\"vc_separator wpb_content_element vc_separator_align_center vc_sep_width_100 vc_sep_pos_align_center vc_separator_no_text vc_custom_1530174057702 wpb_content_element  vc_custom_1530174057702 wpb_content_element\" ><span class=\"vc_sep_holder vc_sep_holder_l\"><span style=\"border-color:#ebebeb;\" class=\"vc_sep_line\"><\/span><\/span><span class=\"vc_sep_holder vc_sep_holder_r\"><span style=\"border-color:#ebebeb;\" class=\"vc_sep_line\"><\/span><\/span>\n<\/div><\/div><\/div><\/div><\/div><div class=\"vc_row wpb_row vc_row-fluid\"><div class=\"wpb_column vc_column_container vc_col-sm-12\"><div class=\"vc_column-inner\"><div class=\"wpb_wrapper\"><div class=\"vc_empty_space  hidden-sm hidden-xs\"   style=\"height: 30px\"><span class=\"vc_empty_space_inner\"><\/span><\/div><div class=\"vc_empty_space\"   style=\"height: 30px\"><span class=\"vc_empty_space_inner\"><\/span><\/div><div class=\"widget-text-heading  center\">\r\n            <h3 class=\"title\">\r\n            Leave us a message        <\/h3>\r\n                <div class=\"des\">\r\n            Our staff will call you later and answer your questions.        <\/div>\r\n    <\/div><div class=\"vc_empty_space\"   style=\"height: 20px\"><span class=\"vc_empty_space_inner\"><\/span><\/div><div class=\"vc_empty_space  hidden-sm hidden-xs\"   style=\"height: 20px\"><span class=\"vc_empty_space_inner\"><\/span><\/div>\n<div class=\"wpcf7 no-js\" id=\"wpcf7-f373-o1\" lang=\"en-US\" dir=\"ltr\" data-wpcf7-id=\"373\">\n<div class=\"screen-reader-response\"><p role=\"status\" aria-live=\"polite\" aria-atomic=\"true\"><\/p> <ul><\/ul><\/div>\n<form action=\"\/en\/wp-json\/wp\/v2\/pages\/34#wpcf7-f373-o1\" method=\"post\" class=\"wpcf7-form init\" aria-label=\"Contact form\" novalidate=\"novalidate\" data-status=\"init\" data-trp-original-action=\"\/en\/wp-json\/wp\/v2\/pages\/34#wpcf7-f373-o1\">\n<fieldset class=\"hidden-fields-container\"><input type=\"hidden\" name=\"_wpcf7\" value=\"373\" \/><input type=\"hidden\" name=\"_wpcf7_version\" value=\"6.1.5\" \/><input type=\"hidden\" name=\"_wpcf7_locale\" value=\"en_US\" \/><input type=\"hidden\" name=\"_wpcf7_unit_tag\" value=\"wpcf7-f373-o1\" \/><input type=\"hidden\" name=\"_wpcf7_container_post\" value=\"0\" \/><input type=\"hidden\" name=\"_wpcf7_posted_data_hash\" value=\"\" \/>\n<\/fieldset>\n<div class=\"contact-us\">\n\t<div class=\"row\">\n\t\t<div class=\"col-sm-6\">\n\t\t\t<p><span class=\"wpcf7-form-control-wrap\" data-name=\"your-name\"><input size=\"40\" maxlength=\"400\" class=\"wpcf7-form-control wpcf7-text wpcf7-validates-as-required form-control\" aria-required=\"true\" aria-invalid=\"false\" placeholder=\"Tu nombre\" value=\"\" type=\"text\" name=\"your-name\" \/><\/span>\n\t\t\t<\/p>\n\t\t<\/div>\n\t\t<div class=\"col-sm-6\">\n\t\t\t<p><span class=\"wpcf7-form-control-wrap\" data-name=\"your-email\"><input size=\"40\" maxlength=\"400\" class=\"wpcf7-form-control wpcf7-email wpcf7-validates-as-required wpcf7-text wpcf7-validates-as-email form-control\" aria-required=\"true\" aria-invalid=\"false\" placeholder=\"Tu correo electr\u00f3nico\" value=\"\" type=\"email\" name=\"your-email\" \/><\/span>\n\t\t\t<\/p>\n\t\t<\/div>\n\t<\/div>\n\t<p><span class=\"wpcf7-form-control-wrap\" data-name=\"your-message\"><textarea cols=\"40\" rows=\"10\" maxlength=\"2000\" class=\"wpcf7-form-control wpcf7-textarea form-control\" aria-invalid=\"false\" placeholder=\"Tu mensaje\" name=\"your-message\"><\/textarea><\/span>\n\t<\/p>\n\t<div class=\"text-center wrapper-submit\">\n\t\t<p><input class=\"wpcf7-form-control wpcf7-submit has-spinner btn btn-theme\" type=\"submit\" value=\"ENVIAR MENSAJE\" \/>\n\t\t<\/p>\n\t<\/div>\n<\/div><div class=\"wpcf7-response-output\" aria-hidden=\"true\"><\/div>\n<input type=\"hidden\" name=\"trp-form-language\" value=\"en\"\/><\/form>\n<\/div>\n<div class=\"vc_empty_space\"   style=\"height: 40px\"><span class=\"vc_empty_space_inner\"><\/span><\/div><div class=\"vc_empty_space  hidden-sm hidden-xs\"   style=\"height: 40px\"><span class=\"vc_empty_space_inner\"><\/span><\/div><\/div><\/div><\/div><\/div>\n<\/div>","protected":false},"excerpt":{"rendered":"Tel\u00e9fono +52(462)624-5877 Direcci\u00f3n San Antonio de Ayala, 36610 Irapuato, Gto. Horario Laboral 08:00 am to 4:00 pm Correo electr\u00f3nico ventas@haabmexico.com Dejanos un mensaje. Nuestro personal le llamar\u00e1 m\u00e1s tarde y responder\u00e1 a sus preguntas.","protected":false},"author":1,"featured_media":0,"parent":0,"menu_order":0,"comment_status":"closed","ping_status":"closed","template":"","meta":{"nf_dc_page":"","footnotes":""},"class_list":["post-34","page","type-page","status-publish","hentry"],"_links":{"self":[{"href":"https:\/\/haabmexico.com\/en\/wp-json\/wp\/v2\/pages\/34","targetHints":{"allow":["GET"]}}],"collection":[{"href":"https:\/\/haabmexico.com\/en\/wp-json\/wp\/v2\/pages"}],"about":[{"href":"https:\/\/haabmexico.com\/en\/wp-json\/wp\/v2\/types\/page"}],"author":[{"embeddable":true,"href":"https:\/\/haabmexico.com\/en\/wp-json\/wp\/v2\/users\/1"}],"replies":[{"embeddable":true,"href":"https:\/\/haabmexico.com\/en\/wp-json\/wp\/v2\/comments?post=34"}],"version-history":[{"count":5,"href":"https:\/\/haabmexico.com\/en\/wp-json\/wp\/v2\/pages\/34\/revisions"}],"predecessor-version":[{"id":1721,"href":"https:\/\/haabmexico.com\/en\/wp-json\/wp\/v2\/pages\/34\/revisions\/1721"}],"wp:attachment":[{"href":"https:\/\/haabmexico.com\/en\/wp-json\/wp\/v2\/media?parent=34"}],"curies":[{"name":"wp","href":"https:\/\/api.w.org\/{rel}","templated":true}]}}