{"id":689,"date":"2018-05-23T13:29:19","date_gmt":"2018-05-23T13:29:19","guid":{"rendered":"http:\/\/demoapus-wp.com\/famita\/famita-fashion\/?page_id=2"},"modified":"2024-08-15T22:48:16","modified_gmt":"2024-08-15T22:48:16","slug":"mas-vendidos","status":"publish","type":"page","link":"https:\/\/haabmexico.com\/en\/mas-vendidos\/","title":{"rendered":"Best Sellers"},"content":{"rendered":"<div class=\"wpb-content-wrapper\"><div class=\"vc_row wpb_row vc_row-fluid\"><div class=\"wpb_column vc_column_container vc_col-sm-12 vc_hidden-sm vc_hidden-xs\"><div class=\"vc_column-inner\"><div class=\"wpb_wrapper\"><div class=\"vc_empty_space\"   style=\"height: 65px\"><span class=\"vc_empty_space_inner\"><\/span><\/div><h2 style=\"text-align: left\" class=\"vc_custom_heading vc_do_custom_heading\" >Best Sellers<\/h2>\n\t<div class=\"wpb_text_column wpb_content_element\" >\n\t\t<div class=\"wpb_wrapper\">\n\t\t\t<p>The selection of products of our clients.<\/p>\n\n\t\t<\/div>\n\t<\/div>\n<div class=\"vc_empty_space\"   style=\"height: 65px\"><span class=\"vc_empty_space_inner\"><\/span><\/div><\/div><\/div><\/div><\/div><div class=\"vc_row wpb_row vc_row-fluid\"><div class=\"wpb_column vc_column_container vc_col-sm-12\"><div class=\"vc_column-inner\"><div class=\"wpb_wrapper\"><div class=\"vc_row wpb_row vc_inner vc_row-fluid\"><div class=\"wpb_column vc_column_container vc_col-sm-12\"><div class=\"vc_column-inner\"><div class=\"wpb_wrapper\"><div class=\"woocommerce columns-4\"><div class=\"products products-grid clearfix\">\t<div class=\"col-md-4 col-sm-6 col-xs-6  md-clearfix sm-clearfix xs-clearfix product type-product post-628 status-publish first instock product_cat-reconocimientos product_tag-madera product_tag-regalo-empresarial has-post-thumbnail featured taxable shipping-taxable product-type-simple\">\r\n\t\t<div class=\"product-block grid\" data-product-id=\"628\">\r\n    <div class=\"grid-inner\">\r\n        <div class=\"block-inner\">\r\n            <figure class=\"image\">\r\n                                \r\n                        <a title=\"Wooden Cube 4\" href=\"https:\/\/haabmexico.com\/en\/product\/cubo-de-madera-4\/\" class=\"product-image\">\r\n            <img loading=\"lazy\" decoding=\"async\" width=\"400\" height=\"500\" src=\"data:image\/svg+xml;charset=utf-8,%3Csvg xmlns%3D&#039;http%3A%2F%2Fwww.w3.org%2F2000%2Fsvg&#039; viewBox%3D&#039;0 0 400 500&#039;%2F%3E\" class=\"attachment-woocommerce_thumbnail size-woocommerce_thumbnail image-no-effect unveil-image\" alt=\"Cubo de madera 4\" data-src=\"https:\/\/haabmexico.com\/wp-content\/uploads\/2024\/05\/Cubo-de-madera-4.png\" data-srcset=\"https:\/\/haabmexico.com\/wp-content\/uploads\/2024\/05\/Cubo-de-madera-4.png 400w, https:\/\/haabmexico.com\/wp-content\/uploads\/2024\/05\/Cubo-de-madera-4-240x300.png 240w, https:\/\/haabmexico.com\/wp-content\/uploads\/2024\/05\/Cubo-de-madera-4-320x400.png 320w\" data-sizes=\"(max-width: 400px) 100vw, 400px\" \/>        <\/a>\r\n                                                    <\/figure>\r\n            <div class=\"groups-button clearfix\">\r\n                                <div class=\"add-cart\"><a href=\"https:\/\/haabmexico.com\/en\/product\/cubo-de-madera-4\/\" rel=\"nofollow\" data-product_id=\"628\" data-product_sku=\"\" data-quantity=\"1\" class=\"button product_type_simple product_type_simple\" data-no-translation=\"\" data-trp-gettext=\"\">Read more<\/a><\/div><div class=\"quotemeta_button quotemeta_btn_wrapper_\"> <button data-product-title=\"Cubo de madera 4\" data-message=\"Solicitud de Cotizaci\u00f3n: --------- Mi nombre es: {name} - Mi correo es: {email}  - Estoy interesado en este producto Cubo de madera 4 - mi mensaje es: {message}\" class=\"sweetalert_form quotemate_button\">Get a Quote<\/button> <\/div>                             <\/div> \r\n        <\/div>\r\n        <div class=\"metas clearfix\">\r\n            <div class=\"title-wrapper\">\r\n                <div class=\"pull-right\">\r\n                                                        <\/div>\r\n                <div class=\"left-info\">\r\n                    <h3 class=\"name\"><a href=\"https:\/\/haabmexico.com\/en\/product\/cubo-de-madera-4\/\">Wooden Cube 4<\/a><\/h3>\r\n                    \n    \r\n                <\/div>\r\n            <\/div>\r\n        <\/div>\r\n    <\/div>\r\n<\/div>\t<\/div>\r\n\t<div class=\"col-md-4 col-sm-6 col-xs-6  product type-product post-629 status-publish instock product_cat-reconocimientos product_tag-acrilico product_tag-madera product_tag-regalo-empresarial has-post-thumbnail featured taxable shipping-taxable product-type-simple\">\r\n\t\t<div class=\"product-block grid\" data-product-id=\"629\">\r\n    <div class=\"grid-inner\">\r\n        <div class=\"block-inner\">\r\n            <figure class=\"image\">\r\n                                \r\n                        <a title=\"Line Piece 5\" href=\"https:\/\/haabmexico.com\/en\/product\/pieza-de-linea-5\/\" class=\"product-image\">\r\n            <img loading=\"lazy\" decoding=\"async\" width=\"400\" height=\"500\" src=\"data:image\/svg+xml;charset=utf-8,%3Csvg xmlns%3D&#039;http%3A%2F%2Fwww.w3.org%2F2000%2Fsvg&#039; viewBox%3D&#039;0 0 400 500&#039;%2F%3E\" class=\"attachment-woocommerce_thumbnail size-woocommerce_thumbnail image-no-effect unveil-image\" alt=\"Pieza de li\u0301nea 5.2\" data-src=\"https:\/\/haabmexico.com\/wp-content\/uploads\/2024\/05\/Pieza-de-linea-5.2.png\" data-srcset=\"https:\/\/haabmexico.com\/wp-content\/uploads\/2024\/05\/Pieza-de-linea-5.2.png 400w, https:\/\/haabmexico.com\/wp-content\/uploads\/2024\/05\/Pieza-de-linea-5.2-240x300.png 240w, https:\/\/haabmexico.com\/wp-content\/uploads\/2024\/05\/Pieza-de-linea-5.2-320x400.png 320w\" data-sizes=\"(max-width: 400px) 100vw, 400px\" \/>        <\/a>\r\n                                                    <\/figure>\r\n            <div class=\"groups-button clearfix\">\r\n                                <div class=\"add-cart\"><a href=\"https:\/\/haabmexico.com\/en\/product\/pieza-de-linea-5\/\" rel=\"nofollow\" data-product_id=\"629\" data-product_sku=\"\" data-quantity=\"1\" class=\"button product_type_simple product_type_simple\" data-no-translation=\"\" data-trp-gettext=\"\">Read more<\/a><\/div><div class=\"quotemeta_button quotemeta_btn_wrapper_\"> <button data-product-title=\"Pieza de l\u00ednea 5\" data-message=\"Solicitud de Cotizaci\u00f3n: --------- Mi nombre es: {name} - Mi correo es: {email}  - Estoy interesado en este producto Pieza de l\u00ednea 5 - mi mensaje es: {message}\" class=\"sweetalert_form quotemate_button\">Get a Quote<\/button> <\/div>                             <\/div> \r\n        <\/div>\r\n        <div class=\"metas clearfix\">\r\n            <div class=\"title-wrapper\">\r\n                <div class=\"pull-right\">\r\n                                                        <\/div>\r\n                <div class=\"left-info\">\r\n                    <h3 class=\"name\"><a href=\"https:\/\/haabmexico.com\/en\/product\/pieza-de-linea-5\/\">Line Piece 5<\/a><\/h3>\r\n                    \n    \r\n                <\/div>\r\n            <\/div>\r\n        <\/div>\r\n    <\/div>\r\n<\/div>\t<\/div>\r\n\t<div class=\"col-md-4 col-sm-6 col-xs-6  sm-clearfix xs-clearfix product type-product post-623 status-publish last instock product_cat-reconocimientos product_tag-acrilico product_tag-para-mi-casa product_tag-regalo-empresarial has-post-thumbnail featured taxable shipping-taxable product-type-simple\">\r\n\t\t<div class=\"product-block grid\" data-product-id=\"623\">\r\n    <div class=\"grid-inner\">\r\n        <div class=\"block-inner\">\r\n            <figure class=\"image\">\r\n                                \r\n                        <a title=\"acrylic prism 1\" href=\"https:\/\/haabmexico.com\/en\/product\/prisma-de-acrilico-1\/\" class=\"product-image\">\r\n            <img loading=\"lazy\" decoding=\"async\" width=\"400\" height=\"500\" src=\"data:image\/svg+xml;charset=utf-8,%3Csvg xmlns%3D&#039;http%3A%2F%2Fwww.w3.org%2F2000%2Fsvg&#039; viewBox%3D&#039;0 0 400 500&#039;%2F%3E\" class=\"attachment-woocommerce_thumbnail size-woocommerce_thumbnail image-no-effect unveil-image\" alt=\"\" data-src=\"https:\/\/haabmexico.com\/wp-content\/uploads\/2024\/05\/Prisma-de-acrilico-1.png\" data-srcset=\"https:\/\/haabmexico.com\/wp-content\/uploads\/2024\/05\/Prisma-de-acrilico-1.png 400w, https:\/\/haabmexico.com\/wp-content\/uploads\/2024\/05\/Prisma-de-acrilico-1-240x300.png 240w, https:\/\/haabmexico.com\/wp-content\/uploads\/2024\/05\/Prisma-de-acrilico-1-320x400.png 320w\" data-sizes=\"(max-width: 400px) 100vw, 400px\" \/>        <\/a>\r\n                                                    <\/figure>\r\n            <div class=\"groups-button clearfix\">\r\n                                <div class=\"add-cart\"><a href=\"https:\/\/haabmexico.com\/en\/product\/prisma-de-acrilico-1\/\" rel=\"nofollow\" data-product_id=\"623\" data-product_sku=\"WD02025\" data-quantity=\"1\" class=\"button product_type_simple product_type_simple\" data-no-translation=\"\" data-trp-gettext=\"\">Read more<\/a><\/div><div class=\"quotemeta_button quotemeta_btn_wrapper_\"> <button data-product-title=\"Prisma de acri\u0301lico 1\" data-message=\"Solicitud de Cotizaci\u00f3n: --------- Mi nombre es: {name} - Mi correo es: {email}  - Estoy interesado en este producto Prisma de acri\u0301lico 1 - mi mensaje es: {message}\" class=\"sweetalert_form quotemate_button\">Get a Quote<\/button> <\/div>                             <\/div> \r\n        <\/div>\r\n        <div class=\"metas clearfix\">\r\n            <div class=\"title-wrapper\">\r\n                <div class=\"pull-right\">\r\n                                                        <\/div>\r\n                <div class=\"left-info\">\r\n                    <h3 class=\"name\"><a href=\"https:\/\/haabmexico.com\/en\/product\/prisma-de-acrilico-1\/\">acrylic prism 1<\/a><\/h3>\r\n                    \n    \r\n                <\/div>\r\n            <\/div>\r\n        <\/div>\r\n    <\/div>\r\n<\/div>\t<\/div>\r\n<\/div><\/div><\/div><\/div><\/div><\/div><\/div><\/div><\/div><\/div>\n<\/div>","protected":false},"excerpt":{"rendered":"M\u00e1s vendidos La selecci\u00f3n de productos de nuestros clientes. Read more Obtener una cotizaci\u00f3n Cubo de madera 4 Read more Obtener una cotizaci\u00f3n Pieza de l\u00ednea 5 Read more Obtener una cotizaci\u00f3n Prisma de acri\u0301lico 1","protected":false},"author":1,"featured_media":0,"parent":0,"menu_order":0,"comment_status":"closed","ping_status":"open","template":"","meta":{"nf_dc_page":"","footnotes":""},"class_list":["post-689","page","type-page","status-publish","hentry"],"_links":{"self":[{"href":"https:\/\/haabmexico.com\/en\/wp-json\/wp\/v2\/pages\/689","targetHints":{"allow":["GET"]}}],"collection":[{"href":"https:\/\/haabmexico.com\/en\/wp-json\/wp\/v2\/pages"}],"about":[{"href":"https:\/\/haabmexico.com\/en\/wp-json\/wp\/v2\/types\/page"}],"author":[{"embeddable":true,"href":"https:\/\/haabmexico.com\/en\/wp-json\/wp\/v2\/users\/1"}],"replies":[{"embeddable":true,"href":"https:\/\/haabmexico.com\/en\/wp-json\/wp\/v2\/comments?post=689"}],"version-history":[{"count":4,"href":"https:\/\/haabmexico.com\/en\/wp-json\/wp\/v2\/pages\/689\/revisions"}],"predecessor-version":[{"id":1720,"href":"https:\/\/haabmexico.com\/en\/wp-json\/wp\/v2\/pages\/689\/revisions\/1720"}],"wp:attachment":[{"href":"https:\/\/haabmexico.com\/en\/wp-json\/wp\/v2\/media?parent=689"}],"curies":[{"name":"wp","href":"https:\/\/api.w.org\/{rel}","templated":true}]}}