{"id":1032,"date":"2024-05-08T20:00:14","date_gmt":"2024-05-08T20:00:14","guid":{"rendered":"https:\/\/haabmexico.com\/?post_type=product&#038;p=1032"},"modified":"2025-09-11T22:31:56","modified_gmt":"2025-09-11T22:31:56","slug":"doble-acrilico-2","status":"publish","type":"product","link":"https:\/\/haabmexico.com\/en\/product\/doble-acrilico-2\/","title":{"rendered":"Double acrylic 2"},"content":{"rendered":"<p>Dos piezas de acr\u00edlico grabadas con l\u00e1ser e impresas con tintas pl\u00e1sticas ECO-UV sobre una base de madera pintada artesanalmente. <\/p>","protected":false},"excerpt":{"rendered":"<p>Dos piezas de acr\u00edlico grabadas con l\u00e1ser e impresas con tintas pl\u00e1sticas ECO-UV sobre una base de madera pintada artesanalmente. <\/p>","protected":false},"featured_media":996,"template":"","meta":{"nf_dc_page":""},"product_brand":[],"product_cat":[46],"product_tag":[37,31,77,33],"class_list":{"0":"post-1032","1":"product","2":"type-product","3":"status-publish","4":"has-post-thumbnail","6":"product_cat-reconocimientos","7":"product_tag-acrilico","8":"product_tag-equipo","9":"product_tag-regalo","10":"product_tag-regalo-empresarial","12":"first","13":"instock","14":"featured","15":"taxable","16":"shipping-taxable","17":"product-type-simple"},"_links":{"self":[{"href":"https:\/\/haabmexico.com\/en\/wp-json\/wp\/v2\/product\/1032","targetHints":{"allow":["GET"]}}],"collection":[{"href":"https:\/\/haabmexico.com\/en\/wp-json\/wp\/v2\/product"}],"about":[{"href":"https:\/\/haabmexico.com\/en\/wp-json\/wp\/v2\/types\/product"}],"wp:featuredmedia":[{"embeddable":true,"href":"https:\/\/haabmexico.com\/en\/wp-json\/wp\/v2\/media\/996"}],"wp:attachment":[{"href":"https:\/\/haabmexico.com\/en\/wp-json\/wp\/v2\/media?parent=1032"}],"wp:term":[{"taxonomy":"product_brand","embeddable":true,"href":"https:\/\/haabmexico.com\/en\/wp-json\/wp\/v2\/product_brand?post=1032"},{"taxonomy":"product_cat","embeddable":true,"href":"https:\/\/haabmexico.com\/en\/wp-json\/wp\/v2\/product_cat?post=1032"},{"taxonomy":"product_tag","embeddable":true,"href":"https:\/\/haabmexico.com\/en\/wp-json\/wp\/v2\/product_tag?post=1032"}],"curies":[{"name":"wp","href":"https:\/\/api.w.org\/{rel}","templated":true}]}}