{"id":1038,"date":"2024-05-08T20:05:40","date_gmt":"2024-05-08T20:05:40","guid":{"rendered":"https:\/\/haabmexico.com\/?post_type=product&#038;p=1038"},"modified":"2025-09-11T22:31:56","modified_gmt":"2025-09-11T22:31:56","slug":"monolito-de-resina-3","status":"publish","type":"product","link":"https:\/\/haabmexico.com\/en\/product\/monolito-de-resina-3\/","title":{"rendered":"Resin Monolith 3"},"content":{"rendered":"<p>Pieza de resina pintada artesanalmente e impresa con tintas pl\u00e1sticas ECO-UV con aplicaci\u00f3n de lamicoid grabado con l\u00e1ser <\/p>","protected":false},"excerpt":{"rendered":"<p>Pieza de resina pintada artesanalmente e impresa con tintas pl\u00e1sticas ECO-UV con aplicaci\u00f3n de lamicoid grabado con l\u00e1ser <\/p>","protected":false},"featured_media":995,"template":"","meta":{"nf_dc_page":""},"product_brand":[],"product_cat":[46],"product_tag":[33],"class_list":{"0":"post-1038","1":"product","2":"type-product","3":"status-publish","4":"has-post-thumbnail","6":"product_cat-reconocimientos","7":"product_tag-regalo-empresarial","9":"first","10":"instock","11":"featured","12":"taxable","13":"shipping-taxable","14":"product-type-simple"},"_links":{"self":[{"href":"https:\/\/haabmexico.com\/en\/wp-json\/wp\/v2\/product\/1038","targetHints":{"allow":["GET"]}}],"collection":[{"href":"https:\/\/haabmexico.com\/en\/wp-json\/wp\/v2\/product"}],"about":[{"href":"https:\/\/haabmexico.com\/en\/wp-json\/wp\/v2\/types\/product"}],"wp:featuredmedia":[{"embeddable":true,"href":"https:\/\/haabmexico.com\/en\/wp-json\/wp\/v2\/media\/995"}],"wp:attachment":[{"href":"https:\/\/haabmexico.com\/en\/wp-json\/wp\/v2\/media?parent=1038"}],"wp:term":[{"taxonomy":"product_brand","embeddable":true,"href":"https:\/\/haabmexico.com\/en\/wp-json\/wp\/v2\/product_brand?post=1038"},{"taxonomy":"product_cat","embeddable":true,"href":"https:\/\/haabmexico.com\/en\/wp-json\/wp\/v2\/product_cat?post=1038"},{"taxonomy":"product_tag","embeddable":true,"href":"https:\/\/haabmexico.com\/en\/wp-json\/wp\/v2\/product_tag?post=1038"}],"curies":[{"name":"wp","href":"https:\/\/api.w.org\/{rel}","templated":true}]}}