{"id":1040,"date":"2024-05-08T20:08:45","date_gmt":"2024-05-08T20:08:45","guid":{"rendered":"https:\/\/haabmexico.com\/?post_type=product&#038;p=1040"},"modified":"2025-09-11T22:31:56","modified_gmt":"2025-09-11T22:31:56","slug":"pieza-de-linea-6","status":"publish","type":"product","link":"https:\/\/haabmexico.com\/en\/product\/pieza-de-linea-6\/","title":{"rendered":"Line Piece 6"},"content":{"rendered":"<p>Pieza de madera banak con aplicaci\u00f3n de acr\u00edlico impresa con tintas pl\u00e1sticas ECO-UV sobre una base de madera pintada artesanalmente<\/p>","protected":false},"excerpt":{"rendered":"<p>Pieza de madera banak con aplicaci\u00f3n de acr\u00edlico impresa con tintas pl\u00e1sticas ECO-UV sobre una base de madera pintada artesanalmente<\/p>","protected":false},"featured_media":978,"template":"","meta":{"nf_dc_page":""},"product_brand":[],"product_cat":[46],"product_tag":[36,33],"class_list":{"0":"post-1040","1":"product","2":"type-product","3":"status-publish","4":"has-post-thumbnail","6":"product_cat-reconocimientos","7":"product_tag-madera","8":"product_tag-regalo-empresarial","10":"first","11":"instock","12":"featured","13":"taxable","14":"shipping-taxable","15":"product-type-simple"},"_links":{"self":[{"href":"https:\/\/haabmexico.com\/en\/wp-json\/wp\/v2\/product\/1040","targetHints":{"allow":["GET"]}}],"collection":[{"href":"https:\/\/haabmexico.com\/en\/wp-json\/wp\/v2\/product"}],"about":[{"href":"https:\/\/haabmexico.com\/en\/wp-json\/wp\/v2\/types\/product"}],"wp:featuredmedia":[{"embeddable":true,"href":"https:\/\/haabmexico.com\/en\/wp-json\/wp\/v2\/media\/978"}],"wp:attachment":[{"href":"https:\/\/haabmexico.com\/en\/wp-json\/wp\/v2\/media?parent=1040"}],"wp:term":[{"taxonomy":"product_brand","embeddable":true,"href":"https:\/\/haabmexico.com\/en\/wp-json\/wp\/v2\/product_brand?post=1040"},{"taxonomy":"product_cat","embeddable":true,"href":"https:\/\/haabmexico.com\/en\/wp-json\/wp\/v2\/product_cat?post=1040"},{"taxonomy":"product_tag","embeddable":true,"href":"https:\/\/haabmexico.com\/en\/wp-json\/wp\/v2\/product_tag?post=1040"}],"curies":[{"name":"wp","href":"https:\/\/api.w.org\/{rel}","templated":true}]}}