{"id":1046,"date":"2024-05-08T20:15:49","date_gmt":"2024-05-08T20:15:49","guid":{"rendered":"https:\/\/haabmexico.com\/?post_type=product&#038;p=1046"},"modified":"2025-09-11T22:31:56","modified_gmt":"2025-09-11T22:31:56","slug":"pieza-de-linea-13","status":"publish","type":"product","link":"https:\/\/haabmexico.com\/en\/product\/pieza-de-linea-13\/","title":{"rendered":"Line Piece 13"},"content":{"rendered":"<p>Pieza de acr\u00edlico con aplicaci\u00f3nes de lamicoid grabado con l\u00e1ser <\/p>","protected":false},"excerpt":{"rendered":"<p>Pieza de acr\u00edlico con aplicaci\u00f3nes de lamicoid grabado con l\u00e1ser <\/p>","protected":false},"featured_media":984,"template":"","meta":{"nf_dc_page":""},"product_brand":[],"product_cat":[46],"product_tag":[37,31,33],"class_list":{"0":"post-1046","1":"product","2":"type-product","3":"status-publish","4":"has-post-thumbnail","6":"product_cat-reconocimientos","7":"product_tag-acrilico","8":"product_tag-equipo","9":"product_tag-regalo-empresarial","11":"first","12":"instock","13":"featured","14":"taxable","15":"shipping-taxable","16":"product-type-simple"},"_links":{"self":[{"href":"https:\/\/haabmexico.com\/en\/wp-json\/wp\/v2\/product\/1046","targetHints":{"allow":["GET"]}}],"collection":[{"href":"https:\/\/haabmexico.com\/en\/wp-json\/wp\/v2\/product"}],"about":[{"href":"https:\/\/haabmexico.com\/en\/wp-json\/wp\/v2\/types\/product"}],"wp:featuredmedia":[{"embeddable":true,"href":"https:\/\/haabmexico.com\/en\/wp-json\/wp\/v2\/media\/984"}],"wp:attachment":[{"href":"https:\/\/haabmexico.com\/en\/wp-json\/wp\/v2\/media?parent=1046"}],"wp:term":[{"taxonomy":"product_brand","embeddable":true,"href":"https:\/\/haabmexico.com\/en\/wp-json\/wp\/v2\/product_brand?post=1046"},{"taxonomy":"product_cat","embeddable":true,"href":"https:\/\/haabmexico.com\/en\/wp-json\/wp\/v2\/product_cat?post=1046"},{"taxonomy":"product_tag","embeddable":true,"href":"https:\/\/haabmexico.com\/en\/wp-json\/wp\/v2\/product_tag?post=1046"}],"curies":[{"name":"wp","href":"https:\/\/api.w.org\/{rel}","templated":true}]}}