{"id":1821,"date":"2024-09-30T18:06:38","date_gmt":"2024-09-30T18:06:38","guid":{"rendered":"https:\/\/haabmexico.com\/?post_type=product&#038;p=1821"},"modified":"2025-09-11T22:41:34","modified_gmt":"2025-09-11T22:41:34","slug":"trofeo-7","status":"publish","type":"product","link":"https:\/\/haabmexico.com\/en\/product\/trofeo-7\/","title":{"rendered":"Trofeo 7"},"content":{"rendered":"<p>Pieza de resina blanca impresa con tintas pl\u00e1sticas ECO-UV, aplicaci\u00f3n de madera grabada con l\u00e1ser sobre una base de madera pintada artesanalmente.<\/p>","protected":false},"excerpt":{"rendered":"<p>Pieza de resina blanca impresa con tintas pl\u00e1sticas ECO-UV, aplicaci\u00f3n de madera grabada con l\u00e1ser sobre una base de madera pintada artesanalmente.<\/p>","protected":false},"featured_media":1822,"template":"","meta":{"nf_dc_page":""},"product_brand":[],"product_cat":[41],"product_tag":[],"class_list":{"0":"post-1821","1":"product","2":"type-product","3":"status-publish","4":"has-post-thumbnail","6":"product_cat-trofeos","8":"first","9":"instock","10":"taxable","11":"shipping-taxable","12":"product-type-simple"},"_links":{"self":[{"href":"https:\/\/haabmexico.com\/en\/wp-json\/wp\/v2\/product\/1821","targetHints":{"allow":["GET"]}}],"collection":[{"href":"https:\/\/haabmexico.com\/en\/wp-json\/wp\/v2\/product"}],"about":[{"href":"https:\/\/haabmexico.com\/en\/wp-json\/wp\/v2\/types\/product"}],"wp:featuredmedia":[{"embeddable":true,"href":"https:\/\/haabmexico.com\/en\/wp-json\/wp\/v2\/media\/1822"}],"wp:attachment":[{"href":"https:\/\/haabmexico.com\/en\/wp-json\/wp\/v2\/media?parent=1821"}],"wp:term":[{"taxonomy":"product_brand","embeddable":true,"href":"https:\/\/haabmexico.com\/en\/wp-json\/wp\/v2\/product_brand?post=1821"},{"taxonomy":"product_cat","embeddable":true,"href":"https:\/\/haabmexico.com\/en\/wp-json\/wp\/v2\/product_cat?post=1821"},{"taxonomy":"product_tag","embeddable":true,"href":"https:\/\/haabmexico.com\/en\/wp-json\/wp\/v2\/product_tag?post=1821"}],"curies":[{"name":"wp","href":"https:\/\/api.w.org\/{rel}","templated":true}]}}