{"id":1828,"date":"2024-09-30T18:14:47","date_gmt":"2024-09-30T18:14:47","guid":{"rendered":"https:\/\/haabmexico.com\/?post_type=product&#038;p=1828"},"modified":"2025-09-11T22:41:34","modified_gmt":"2025-09-11T22:41:34","slug":"trofeo-10","status":"publish","type":"product","link":"https:\/\/haabmexico.com\/en\/product\/trofeo-10\/","title":{"rendered":"Trofeo 10"},"content":{"rendered":"<p>Pieza de madera grabada con l\u00e1ser y aplicaci\u00f3n de resina beige pintada artesanalmente. La pieza est\u00e1 sobre una base de madera natural y acr\u00edlico.<\/p>","protected":false},"excerpt":{"rendered":"<p>Pieza de madera grabada con l\u00e1ser y aplicaci\u00f3n de resina beige pintada artesanalmente. La pieza est\u00e1 sobre una base de madera natural y acr\u00edlico.<\/p>","protected":false},"featured_media":1829,"template":"","meta":{"nf_dc_page":""},"product_brand":[],"product_cat":[41],"product_tag":[],"class_list":{"0":"post-1828","1":"product","2":"type-product","3":"status-publish","4":"has-post-thumbnail","6":"product_cat-trofeos","8":"first","9":"instock","10":"taxable","11":"shipping-taxable","12":"product-type-simple"},"_links":{"self":[{"href":"https:\/\/haabmexico.com\/en\/wp-json\/wp\/v2\/product\/1828","targetHints":{"allow":["GET"]}}],"collection":[{"href":"https:\/\/haabmexico.com\/en\/wp-json\/wp\/v2\/product"}],"about":[{"href":"https:\/\/haabmexico.com\/en\/wp-json\/wp\/v2\/types\/product"}],"wp:featuredmedia":[{"embeddable":true,"href":"https:\/\/haabmexico.com\/en\/wp-json\/wp\/v2\/media\/1829"}],"wp:attachment":[{"href":"https:\/\/haabmexico.com\/en\/wp-json\/wp\/v2\/media?parent=1828"}],"wp:term":[{"taxonomy":"product_brand","embeddable":true,"href":"https:\/\/haabmexico.com\/en\/wp-json\/wp\/v2\/product_brand?post=1828"},{"taxonomy":"product_cat","embeddable":true,"href":"https:\/\/haabmexico.com\/en\/wp-json\/wp\/v2\/product_cat?post=1828"},{"taxonomy":"product_tag","embeddable":true,"href":"https:\/\/haabmexico.com\/en\/wp-json\/wp\/v2\/product_tag?post=1828"}],"curies":[{"name":"wp","href":"https:\/\/api.w.org\/{rel}","templated":true}]}}