{"id":1843,"date":"2024-09-30T18:27:18","date_gmt":"2024-09-30T18:27:18","guid":{"rendered":"https:\/\/haabmexico.com\/?post_type=product&#038;p=1843"},"modified":"2025-09-11T22:41:34","modified_gmt":"2025-09-11T22:41:34","slug":"trofeo-15","status":"publish","type":"product","link":"https:\/\/haabmexico.com\/en\/product\/trofeo-15\/","title":{"rendered":"Trofeo 15"},"content":{"rendered":"<p>Pieza de resina pintada artesanalmente con aplicaci\u00f3n de acr\u00edlico impreso con tintas pl\u00e1sticas ECO-UV sobre una base de resina pintada artesanalmente y una placa de lamicoid impresa con tintas pl\u00e1sticas ECO-UV.<\/p>","protected":false},"excerpt":{"rendered":"<p>Pieza de resina pintada artesanalmente con aplicaci\u00f3n de acr\u00edlico impreso con tintas pl\u00e1sticas ECO-UV sobre una base de resina pintada artesanalmente y una placa de lamicoid impresa con tintas pl\u00e1sticas ECO-UV.<\/p>","protected":false},"featured_media":1844,"template":"","meta":{"nf_dc_page":""},"product_brand":[],"product_cat":[41],"product_tag":[],"class_list":{"0":"post-1843","1":"product","2":"type-product","3":"status-publish","4":"has-post-thumbnail","6":"product_cat-trofeos","8":"first","9":"instock","10":"taxable","11":"shipping-taxable","12":"product-type-simple"},"_links":{"self":[{"href":"https:\/\/haabmexico.com\/en\/wp-json\/wp\/v2\/product\/1843","targetHints":{"allow":["GET"]}}],"collection":[{"href":"https:\/\/haabmexico.com\/en\/wp-json\/wp\/v2\/product"}],"about":[{"href":"https:\/\/haabmexico.com\/en\/wp-json\/wp\/v2\/types\/product"}],"wp:featuredmedia":[{"embeddable":true,"href":"https:\/\/haabmexico.com\/en\/wp-json\/wp\/v2\/media\/1844"}],"wp:attachment":[{"href":"https:\/\/haabmexico.com\/en\/wp-json\/wp\/v2\/media?parent=1843"}],"wp:term":[{"taxonomy":"product_brand","embeddable":true,"href":"https:\/\/haabmexico.com\/en\/wp-json\/wp\/v2\/product_brand?post=1843"},{"taxonomy":"product_cat","embeddable":true,"href":"https:\/\/haabmexico.com\/en\/wp-json\/wp\/v2\/product_cat?post=1843"},{"taxonomy":"product_tag","embeddable":true,"href":"https:\/\/haabmexico.com\/en\/wp-json\/wp\/v2\/product_tag?post=1843"}],"curies":[{"name":"wp","href":"https:\/\/api.w.org\/{rel}","templated":true}]}}